{"id":3276,"date":"2023-11-10T14:07:06","date_gmt":"2023-11-10T13:07:06","guid":{"rendered":"https:\/\/gabline.fr\/?page_id=3276"},"modified":"2025-10-20T14:00:05","modified_gmt":"2025-10-20T12:00:05","slug":"politique-de-confidentialite","status":"publish","type":"page","link":"https:\/\/gabline.fr\/en\/politique-de-confidentialite\/","title":{"rendered":"Privacy Policy"},"content":{"rendered":"<div data-elementor-type=\"wp-post\" data-elementor-id=\"3276\" class=\"elementor elementor-3276\" data-elementor-post-type=\"page\">\n\t\t\t\t<div class=\"elementor-element elementor-element-74d0b74 e-con-full e-flex e-con e-parent\" data-id=\"74d0b74\" data-element_type=\"container\" data-e-type=\"container\" data-settings=\"{&quot;background_background&quot;:&quot;classic&quot;}\">\n\t\t\t\t<div class=\"elementor-element elementor-element-1319442 elementor-widget elementor-widget-spacer\" data-id=\"1319442\" data-element_type=\"widget\" data-e-type=\"widget\" data-widget_type=\"spacer.default\">\n\t\t\t\t\t\t\t<div class=\"elementor-spacer\">\n\t\t\t<div class=\"elementor-spacer-inner\"><\/div>\n\t\t<\/div>\n\t\t\t\t\t\t<\/div>\n\t\t\t\t<\/div>\n\t\t<div class=\"elementor-element elementor-element-99bbb11 e-con-full e-flex e-con e-parent\" data-id=\"99bbb11\" data-element_type=\"container\" data-e-type=\"container\" data-settings=\"{&quot;background_background&quot;:&quot;classic&quot;}\">\n\t\t<div class=\"elementor-element elementor-element-320ae15 e-flex e-con-boxed e-con e-child\" data-id=\"320ae15\" data-element_type=\"container\" data-e-type=\"container\">\n\t\t\t\t\t<div class=\"e-con-inner\">\n\t\t\t\t<div class=\"elementor-element elementor-element-b7451c3 elementor-widget elementor-widget-heading\" data-id=\"b7451c3\" data-element_type=\"widget\" data-e-type=\"widget\" data-widget_type=\"heading.default\">\n\t\t\t\t\t<span class=\"elementor-heading-title elementor-size-default\">PRIVACY POLICY<\/span>\t\t\t\t<\/div>\n\t\t\t\t<div class=\"elementor-element elementor-element-c8f1fe9 elementor-widget-divider--view-line elementor-widget elementor-widget-divider\" data-id=\"c8f1fe9\" data-element_type=\"widget\" data-e-type=\"widget\" data-widget_type=\"divider.default\">\n\t\t\t\t\t\t\t<div class=\"elementor-divider\">\n\t\t\t<span class=\"elementor-divider-separator\">\n\t\t\t\t\t\t<\/span>\n\t\t<\/div>\n\t\t\t\t\t\t<\/div>\n\t\t<div class=\"elementor-element elementor-element-07b728f e-con-full e-flex e-con e-child\" data-id=\"07b728f\" data-element_type=\"container\" data-e-type=\"container\">\n\t\t\t\t<div class=\"elementor-element elementor-element-fbf4526 elementor-widget elementor-widget-text-editor\" data-id=\"fbf4526\" data-element_type=\"widget\" data-e-type=\"widget\" data-widget_type=\"text-editor.default\">\n\t\t\t\t\t\t\t\t\t<p data-start=\"174\" data-end=\"316\" class=\"translation-block\">The purpose of this privacy policy is to inform users of the website www.gabline.fr\n about:<\/p><ul data-start=\"317\" data-end=\"924\"><li data-start=\"317\" data-end=\"656\"><p data-start=\"319\" data-end=\"656\">How their personal data is collected. Personal data refers to any information that makes it possible to identify or make identifiable a user, such as their first and last names, age, postal or email address, location, or IP address (non-exhaustive list);<\/p><\/li><li data-start=\"657\" data-end=\"723\"><p data-start=\"659\" data-end=\"723\">The rights users have regarding this data;<\/p><\/li><li data-start=\"724\" data-end=\"824\"><p data-start=\"726\" data-end=\"824\">The person responsible for processing the personal data collected and processed;<\/p><\/li><li data-start=\"825\" data-end=\"876\"><p data-start=\"827\" data-end=\"876\">The recipients of this personal data;<\/p><\/li><li data-start=\"877\" data-end=\"924\"><p data-start=\"879\" data-end=\"924\">The website\u2019s cookie policy.<\/p><\/li><\/ul><p data-start=\"926\" data-end=\"1051\" class=\"translation-block\">This policy supplements the legal notices available at the following address: https:\/\/gabline.fr\/<\/p><p data-start=\"1053\" data-end=\"1247\">\u00a0<\/p><p data-start=\"1053\" data-end=\"1247\"><strong data-start=\"1053\" data-end=\"1143\">ARTICLE 2 \u2013 PRINCIPLES RELATING TO THE COLLECTION AND PROCESSING OF PERSONAL DATA<br \/><\/strong><br data-start=\"1143\" data-end=\"1146\" \/>In accordance with Article 5 of European Regulation 2016\/679, personal data is:<\/p><ul data-start=\"1248\" data-end=\"2196\"><li data-start=\"1248\" data-end=\"1339\"><p data-start=\"1250\" data-end=\"1339\">Processed lawfully, fairly, and transparently with regard to the data subject;<\/p><\/li><li data-start=\"1340\" data-end=\"1515\"><p data-start=\"1342\" data-end=\"1515\">Collected for specified (see Article 3.1), explicit, and legitimate purposes and not further processed in a manner incompatible with those purposes;<\/p><\/li><li data-start=\"1516\" data-end=\"1640\"><p data-start=\"1518\" data-end=\"1640\">Adequate, relevant, and limited to what is necessary in relation to the purposes for which it is processed;<\/p><\/li><li data-start=\"1641\" data-end=\"1813\"><p data-start=\"1643\" data-end=\"1813\">Accurate and, where necessary, kept up to date. All reasonable steps must be taken to ensure that inaccurate data is erased or rectified without delay;<\/p><\/li><li data-start=\"1814\" data-end=\"1972\"><p data-start=\"1816\" data-end=\"1972\">Kept in a form that permits identification of data subjects for no longer than is necessary for the purposes;<\/p><\/li><li data-start=\"1973\" data-end=\"2196\"><p data-start=\"1975\" data-end=\"2196\">Processed in a manner that ensures appropriate security of the collected data, including protection against unauthorized or unlawful processing and against accidental loss, destruction, or damage.<\/p><\/li><\/ul><p data-start=\"2198\" data-end=\"2285\">Processing is lawful only if at least one of the following conditions is met:<\/p><ul data-start=\"2286\" data-end=\"3007\"><li data-start=\"2286\" data-end=\"2397\"><p data-start=\"2288\" data-end=\"2397\">The data subject has given consent to the processing of their data for one or more specific purposes;<\/p><\/li><li data-start=\"2398\" data-end=\"2494\"><p data-start=\"2400\" data-end=\"2494\">Processing is necessary for the performance of a contract or pre-contractual measures;<\/p><\/li><li data-start=\"2495\" data-end=\"2564\"><p data-start=\"2497\" data-end=\"2564\">Processing is necessary for compliance with a legal obligation;<\/p><\/li><li data-start=\"2565\" data-end=\"2684\"><p data-start=\"2567\" data-end=\"2684\">Processing is necessary to protect the vital interests of the data subject or another person;<\/p><\/li><li data-start=\"2685\" data-end=\"2813\"><p data-start=\"2687\" data-end=\"2813\">Processing is necessary for the performance of a task carried out in the public interest or in the exercise of official authority;<\/p><\/li><li data-start=\"2814\" data-end=\"3007\"><p data-start=\"2816\" data-end=\"3007\">Processing is necessary for the purposes of the legitimate interests pursued by the data controller or a third party, except where such interests are overridden by the fundamental rights and freedoms of the data subject.<\/p><\/li><\/ul><p data-start=\"3009\" data-end=\"3122\">\u00a0<\/p><p data-start=\"3009\" data-end=\"3122\"><strong data-start=\"3009\" data-end=\"3120\">ARTICLE 3 \u2013 PERSONAL DATA COLLECTED AND PROCESSED DURING SITE BROWSING<br \/><br \/><\/strong><\/p><p data-start=\"3124\" data-end=\"3207\"><strong data-start=\"3124\" data-end=\"3160\">Article 3.1 \u2013 Data collected<\/strong><br data-start=\"3160\" data-end=\"3163\" \/>The personal data collected is:<\/p><ul data-start=\"3208\" data-end=\"3270\"><li data-start=\"3208\" data-end=\"3217\"><p data-start=\"3210\" data-end=\"3217\">Last name;<\/p><\/li><li data-start=\"3218\" data-end=\"3230\"><p data-start=\"3220\" data-end=\"3230\">First name;<\/p><\/li><li data-start=\"3231\" data-end=\"3245\"><p data-start=\"3233\" data-end=\"3245\">Email address;<\/p><\/li><li data-start=\"3246\" data-end=\"3270\"><p data-start=\"3248\" data-end=\"3270\">Telephone number.<\/p><\/li><\/ul><p data-start=\"3272\" data-end=\"3353\">This data is collected and processed for the following purposes:<\/p><ul data-start=\"3354\" data-end=\"3442\"><li data-start=\"3354\" data-end=\"3420\"><p data-start=\"3356\" data-end=\"3420\">Responding to and exchanging information regarding GDPR implementation;<\/p><\/li><li data-start=\"3421\" data-end=\"3442\"><p data-start=\"3423\" data-end=\"3442\">Contract management.<\/p><\/li><\/ul><p data-start=\"3444\" data-end=\"3779\"><strong data-start=\"3444\" data-end=\"3490\">Article 3.2 \u2013 Data collection method<\/strong><br data-start=\"3490\" data-end=\"3493\" \/>When you use the website, this data is collected via the contact form. It is stored by the data controller under reasonable security conditions for a maximum period of three (3) years from the last contact initiated by the user.<\/p><p data-start=\"3781\" data-end=\"3901\">Certain data may be retained beyond this period in order to comply with legal or regulatory obligations.<\/p><p data-start=\"3903\" data-end=\"4005\"><strong data-start=\"3903\" data-end=\"3944\">Article 3.3 \u2013 Data hosting<\/strong><br data-start=\"3944\" data-end=\"3947\" \/>The website <strong data-start=\"3955\" data-end=\"3969\">gabline.fr<\/strong> is hosted by <strong data-start=\"3997\" data-end=\"4004\">OVH<\/strong>.<\/p><p data-start=\"4007\" data-end=\"4259\">\u00a0<\/p><p data-start=\"4007\" data-end=\"4259\"><strong data-start=\"4007\" data-end=\"4060\">ARTICLE 4 \u2013 DATA CONTROLLER<br \/><\/strong><br data-start=\"4060\" data-end=\"4063\" \/>Personal data is collected by <strong data-start=\"4117\" data-end=\"4128\">GABLINE<\/strong>, whose registered office is located at 16 avenue Jaulerry, 64200 Biarritz, France, registered with the Bayonne Trade and Companies Register.<\/p><p data-start=\"4261\" data-end=\"4312\">The data controller may be contacted:<\/p><ul data-start=\"4313\" data-end=\"4435\"><li data-start=\"4313\" data-end=\"4365\"><p data-start=\"4315\" data-end=\"4365\">By post: 16 avenue Jaulerry, 64200 Biarritz<\/p><\/li><li data-start=\"4366\" data-end=\"4400\"><p data-start=\"4368\" data-end=\"4400\">By phone: +33 5 59 52 02 27<\/p><\/li><li data-start=\"4401\" data-end=\"4435\"><p data-start=\"4403\" data-end=\"4435\">By email: <a class=\"decorated-link cursor-pointer\" rel=\"noopener\" data-start=\"4414\" data-end=\"4433\">gabline64@gmail.com<\/a><\/p><\/li><\/ul><p data-start=\"4437\" data-end=\"4530\">In the event of a violation of your \u201cData Protection and Freedoms\u201d rights, you may lodge a complaint with the CNIL.<\/p><p data-start=\"4532\" data-end=\"4683\">\u00a0<\/p><p data-start=\"4532\" data-end=\"4683\"><strong data-start=\"4532\" data-end=\"4627\">ARTICLE 5 \u2013 USER RIGHTS REGARDING DATA COLLECTION AND PROCESSING<br \/><\/strong><br data-start=\"4627\" data-end=\"4630\" \/>Any user may exercise the following rights:<\/p><ul data-start=\"4684\" data-end=\"5158\"><li data-start=\"4684\" data-end=\"4783\"><p data-start=\"4686\" data-end=\"4783\">Right of access, rectification, and erasure of data (Articles 15, 16, and 17 of the GDPR);<\/p><\/li><li data-start=\"4784\" data-end=\"4842\"><p data-start=\"4786\" data-end=\"4842\">Right to data portability (Article 20 GDPR);<\/p><\/li><li data-start=\"4843\" data-end=\"4927\"><p data-start=\"4845\" data-end=\"4927\">Right to restriction of and objection to processing (Articles 18 and 21 GDPR);<\/p><\/li><li data-start=\"4928\" data-end=\"5025\"><p data-start=\"4930\" data-end=\"5025\">Right not to be subject to a decision based solely on automated processing;<\/p><\/li><li data-start=\"5026\" data-end=\"5085\"><p data-start=\"5028\" data-end=\"5085\">Right to determine the fate of data after death;<\/p><\/li><li data-start=\"5086\" data-end=\"5158\"><p data-start=\"5088\" data-end=\"5158\">Right to lodge a complaint with the competent supervisory authority (Article 77 GDPR).<\/p><\/li><\/ul><p data-start=\"5160\" data-end=\"5360\" class=\"translation-block\">To exercise these rights, contact GABLINE at its registered office or by email at gabline64@gmail.com\n. Certain information (last name, first name, email address) may be requested to identify the user.<\/p><p data-start=\"5362\" data-end=\"5557\" class=\"translation-block\">Users may also lodge a complaint with the CNIL: https:\/\/www.cnil.fr\/fr\n or by post at 3 Place de Fontenoy \u2013 TSA 80715 \u2013 Paris Cedex 07.<\/p><p data-start=\"5559\" data-end=\"5800\" class=\"translation-block\">The publisher of the website www.gabline.fr\n reserves the right to amend this policy at any time in order to ensure compliance with applicable law.<\/p><p data-start=\"5802\" data-end=\"5937\">Such amendments shall not affect prior purchases, which remain subject to the policy in force at the time of purchase.<\/p><p data-start=\"5939\" data-end=\"6021\">Users are invited to consult this policy each time they use the website.<\/p>\t\t\t\t\t\t\t\t<\/div>\n\t\t\t\t<\/div>\n\t\t\t\t\t<\/div>\n\t\t\t\t<\/div>\n\t\t\t\t<\/div>\n\t\t\t\t<\/div>","protected":false},"excerpt":{"rendered":"<p>POLITIQUE DE CONFIDENTIALIT\u00c9 ARTICLE 1 \u2013 PR\u00c9AMBULE La pr\u00e9sente politique de confidentialit\u00e9 a pour but d\u2019informer les utilisateurs du site www.gabline.fr sur : La mani\u00e8re dont sont collect\u00e9es leurs donn\u00e9es personnelles. Sont consid\u00e9r\u00e9es comme des donn\u00e9es personnelles toutes les informations permettant d\u2019identifier ou de rendre identifiable un utilisateur, telles que ses noms et pr\u00e9noms, son [&hellip;]<\/p>\n","protected":false},"author":6,"featured_media":0,"parent":0,"menu_order":0,"comment_status":"closed","ping_status":"closed","template":"","meta":{"footnotes":""},"class_list":["post-3276","page","type-page","status-publish","hentry"],"yoast_head":"<!-- This site is optimized with the Yoast SEO plugin v27.4 - https:\/\/yoast.com\/product\/yoast-seo-wordpress\/ -->\n<title>Politique de confidentialit\u00e9 - GabLine Biarritz<\/title>\n<meta name=\"robots\" content=\"index, follow, max-snippet:-1, max-image-preview:large, max-video-preview:-1\" \/>\n<link rel=\"canonical\" href=\"https:\/\/gabline.fr\/en\/politique-de-confidentialite\/\" \/>\n<meta property=\"og:locale\" content=\"en_GB\" \/>\n<meta property=\"og:type\" content=\"article\" \/>\n<meta property=\"og:title\" content=\"Politique de confidentialit\u00e9 - GabLine Biarritz\" \/>\n<meta property=\"og:description\" content=\"POLITIQUE DE CONFIDENTIALIT\u00c9 ARTICLE 1 \u2013 PR\u00c9AMBULE La pr\u00e9sente politique de confidentialit\u00e9 a pour but d\u2019informer les utilisateurs du site www.gabline.fr sur : La mani\u00e8re dont sont collect\u00e9es leurs donn\u00e9es personnelles. Sont consid\u00e9r\u00e9es comme des donn\u00e9es personnelles toutes les informations permettant d\u2019identifier ou de rendre identifiable un utilisateur, telles que ses noms et pr\u00e9noms, son [&hellip;]\" \/>\n<meta property=\"og:url\" content=\"https:\/\/gabline.fr\/en\/politique-de-confidentialite\/\" \/>\n<meta property=\"og:site_name\" content=\"GabLine Biarritz\" \/>\n<meta property=\"article:modified_time\" content=\"2025-10-20T12:00:05+00:00\" \/>\n<meta name=\"twitter:card\" content=\"summary_large_image\" \/>\n<meta name=\"twitter:label1\" content=\"Estimated reading time\" \/>\n\t<meta name=\"twitter:data1\" content=\"5 minutes\" \/>\n<script type=\"application\/ld+json\" class=\"yoast-schema-graph\">{\"@context\":\"https:\\\/\\\/schema.org\",\"@graph\":[{\"@type\":\"WebPage\",\"@id\":\"https:\\\/\\\/gabline.fr\\\/politique-de-confidentialite\\\/\",\"url\":\"https:\\\/\\\/gabline.fr\\\/politique-de-confidentialite\\\/\",\"name\":\"Politique de confidentialit\u00e9 - GabLine Biarritz\",\"isPartOf\":{\"@id\":\"https:\\\/\\\/gabline.fr\\\/#website\"},\"datePublished\":\"2023-11-10T13:07:06+00:00\",\"dateModified\":\"2025-10-20T12:00:05+00:00\",\"breadcrumb\":{\"@id\":\"https:\\\/\\\/gabline.fr\\\/politique-de-confidentialite\\\/#breadcrumb\"},\"inLanguage\":\"en-GB\",\"potentialAction\":[{\"@type\":\"ReadAction\",\"target\":[\"https:\\\/\\\/gabline.fr\\\/politique-de-confidentialite\\\/\"]}]},{\"@type\":\"BreadcrumbList\",\"@id\":\"https:\\\/\\\/gabline.fr\\\/politique-de-confidentialite\\\/#breadcrumb\",\"itemListElement\":[{\"@type\":\"ListItem\",\"position\":1,\"name\":\"Accueil\",\"item\":\"https:\\\/\\\/gabline.fr\\\/\"},{\"@type\":\"ListItem\",\"position\":2,\"name\":\"Politique de confidentialit\u00e9\"}]},{\"@type\":\"WebSite\",\"@id\":\"https:\\\/\\\/gabline.fr\\\/#website\",\"url\":\"https:\\\/\\\/gabline.fr\\\/\",\"name\":\"GabLine Biarritz\",\"description\":\"Un concept incomparable, pour une montre d\u2019exception.\",\"publisher\":{\"@id\":\"https:\\\/\\\/gabline.fr\\\/#organization\"},\"potentialAction\":[{\"@type\":\"SearchAction\",\"target\":{\"@type\":\"EntryPoint\",\"urlTemplate\":\"https:\\\/\\\/gabline.fr\\\/?s={search_term_string}\"},\"query-input\":{\"@type\":\"PropertyValueSpecification\",\"valueRequired\":true,\"valueName\":\"search_term_string\"}}],\"inLanguage\":\"en-GB\"},{\"@type\":\"Organization\",\"@id\":\"https:\\\/\\\/gabline.fr\\\/#organization\",\"name\":\"GabLine Biarritz\",\"url\":\"https:\\\/\\\/gabline.fr\\\/\",\"logo\":{\"@type\":\"ImageObject\",\"inLanguage\":\"en-GB\",\"@id\":\"https:\\\/\\\/gabline.fr\\\/#\\\/schema\\\/logo\\\/image\\\/\",\"url\":\"https:\\\/\\\/gabline.fr\\\/wp-content\\\/uploads\\\/2025\\\/10\\\/Logo-GabLine-min.png\",\"contentUrl\":\"https:\\\/\\\/gabline.fr\\\/wp-content\\\/uploads\\\/2025\\\/10\\\/Logo-GabLine-min.png\",\"width\":1362,\"height\":1362,\"caption\":\"GabLine Biarritz\"},\"image\":{\"@id\":\"https:\\\/\\\/gabline.fr\\\/#\\\/schema\\\/logo\\\/image\\\/\"},\"sameAs\":[\"https:\\\/\\\/www.instagram.com\\\/gablinebiarritz\\\/\",\"https:\\\/\\\/www.linkedin.com\\\/company\\\/gabline-biarritz\\\/?originalSubdomain=fr\"]}]}<\/script>\n<!-- \/ Yoast SEO plugin. -->","yoast_head_json":{"title":"Politique de confidentialit\u00e9 - GabLine Biarritz","robots":{"index":"index","follow":"follow","max-snippet":"max-snippet:-1","max-image-preview":"max-image-preview:large","max-video-preview":"max-video-preview:-1"},"canonical":"https:\/\/gabline.fr\/en\/politique-de-confidentialite\/","og_locale":"en_GB","og_type":"article","og_title":"Politique de confidentialit\u00e9 - GabLine Biarritz","og_description":"POLITIQUE DE CONFIDENTIALIT\u00c9 ARTICLE 1 \u2013 PR\u00c9AMBULE La pr\u00e9sente politique de confidentialit\u00e9 a pour but d\u2019informer les utilisateurs du site www.gabline.fr sur : La mani\u00e8re dont sont collect\u00e9es leurs donn\u00e9es personnelles. Sont consid\u00e9r\u00e9es comme des donn\u00e9es personnelles toutes les informations permettant d\u2019identifier ou de rendre identifiable un utilisateur, telles que ses noms et pr\u00e9noms, son [&hellip;]","og_url":"https:\/\/gabline.fr\/en\/politique-de-confidentialite\/","og_site_name":"GabLine Biarritz","article_modified_time":"2025-10-20T12:00:05+00:00","twitter_card":"summary_large_image","twitter_misc":{"Estimated reading time":"5 minutes"},"schema":{"@context":"https:\/\/schema.org","@graph":[{"@type":"WebPage","@id":"https:\/\/gabline.fr\/politique-de-confidentialite\/","url":"https:\/\/gabline.fr\/politique-de-confidentialite\/","name":"Politique de confidentialit\u00e9 - GabLine Biarritz","isPartOf":{"@id":"https:\/\/gabline.fr\/#website"},"datePublished":"2023-11-10T13:07:06+00:00","dateModified":"2025-10-20T12:00:05+00:00","breadcrumb":{"@id":"https:\/\/gabline.fr\/politique-de-confidentialite\/#breadcrumb"},"inLanguage":"en-GB","potentialAction":[{"@type":"ReadAction","target":["https:\/\/gabline.fr\/politique-de-confidentialite\/"]}]},{"@type":"BreadcrumbList","@id":"https:\/\/gabline.fr\/politique-de-confidentialite\/#breadcrumb","itemListElement":[{"@type":"ListItem","position":1,"name":"Accueil","item":"https:\/\/gabline.fr\/"},{"@type":"ListItem","position":2,"name":"Politique de confidentialit\u00e9"}]},{"@type":"WebSite","@id":"https:\/\/gabline.fr\/#website","url":"https:\/\/gabline.fr\/","name":"GabLine Biarritz","description":"Un concept incomparable, pour une montre d\u2019exception.","publisher":{"@id":"https:\/\/gabline.fr\/#organization"},"potentialAction":[{"@type":"SearchAction","target":{"@type":"EntryPoint","urlTemplate":"https:\/\/gabline.fr\/?s={search_term_string}"},"query-input":{"@type":"PropertyValueSpecification","valueRequired":true,"valueName":"search_term_string"}}],"inLanguage":"en-GB"},{"@type":"Organization","@id":"https:\/\/gabline.fr\/#organization","name":"GabLine Biarritz","url":"https:\/\/gabline.fr\/","logo":{"@type":"ImageObject","inLanguage":"en-GB","@id":"https:\/\/gabline.fr\/#\/schema\/logo\/image\/","url":"https:\/\/gabline.fr\/wp-content\/uploads\/2025\/10\/Logo-GabLine-min.png","contentUrl":"https:\/\/gabline.fr\/wp-content\/uploads\/2025\/10\/Logo-GabLine-min.png","width":1362,"height":1362,"caption":"GabLine Biarritz"},"image":{"@id":"https:\/\/gabline.fr\/#\/schema\/logo\/image\/"},"sameAs":["https:\/\/www.instagram.com\/gablinebiarritz\/","https:\/\/www.linkedin.com\/company\/gabline-biarritz\/?originalSubdomain=fr"]}]}},"_links":{"self":[{"href":"https:\/\/gabline.fr\/en\/wp-json\/wp\/v2\/pages\/3276","targetHints":{"allow":["GET"]}}],"collection":[{"href":"https:\/\/gabline.fr\/en\/wp-json\/wp\/v2\/pages"}],"about":[{"href":"https:\/\/gabline.fr\/en\/wp-json\/wp\/v2\/types\/page"}],"author":[{"embeddable":true,"href":"https:\/\/gabline.fr\/en\/wp-json\/wp\/v2\/users\/6"}],"replies":[{"embeddable":true,"href":"https:\/\/gabline.fr\/en\/wp-json\/wp\/v2\/comments?post=3276"}],"version-history":[{"count":19,"href":"https:\/\/gabline.fr\/en\/wp-json\/wp\/v2\/pages\/3276\/revisions"}],"predecessor-version":[{"id":5679,"href":"https:\/\/gabline.fr\/en\/wp-json\/wp\/v2\/pages\/3276\/revisions\/5679"}],"wp:attachment":[{"href":"https:\/\/gabline.fr\/en\/wp-json\/wp\/v2\/media?parent=3276"}],"curies":[{"name":"wp","href":"https:\/\/api.w.org\/{rel}","templated":true}]}}