{"id":1206,"date":"2023-07-04T10:54:56","date_gmt":"2023-07-04T08:54:56","guid":{"rendered":"https:\/\/gabline.fr\/?page_id=1206"},"modified":"2025-10-20T14:04:57","modified_gmt":"2025-10-20T12:04:57","slug":"mentions-legales","status":"publish","type":"page","link":"https:\/\/gabline.fr\/en\/mentions-legales\/","title":{"rendered":"Legal Notice"},"content":{"rendered":"<div data-elementor-type=\"wp-post\" data-elementor-id=\"1206\" class=\"elementor elementor-1206\" data-elementor-post-type=\"page\">\n\t\t\t\t<div class=\"elementor-element elementor-element-9888449 e-con-full e-flex e-con e-parent\" data-id=\"9888449\" data-element_type=\"container\" data-e-type=\"container\" data-settings=\"{&quot;background_background&quot;:&quot;classic&quot;}\">\n\t\t\t\t<div class=\"elementor-element elementor-element-6322bf7 elementor-widget elementor-widget-spacer\" data-id=\"6322bf7\" data-element_type=\"widget\" data-e-type=\"widget\" data-widget_type=\"spacer.default\">\n\t\t\t\t\t\t\t<div class=\"elementor-spacer\">\n\t\t\t<div class=\"elementor-spacer-inner\"><\/div>\n\t\t<\/div>\n\t\t\t\t\t\t<\/div>\n\t\t\t\t<\/div>\n\t\t<div class=\"elementor-element elementor-element-894f996 e-con-full e-flex e-con e-parent\" data-id=\"894f996\" data-element_type=\"container\" data-e-type=\"container\" data-settings=\"{&quot;background_background&quot;:&quot;classic&quot;}\">\n\t\t<div class=\"elementor-element elementor-element-6e5a0ea e-flex e-con-boxed e-con e-child\" data-id=\"6e5a0ea\" data-element_type=\"container\" data-e-type=\"container\">\n\t\t\t\t\t<div class=\"e-con-inner\">\n\t\t\t\t<div class=\"elementor-element elementor-element-bd00acb elementor-widget elementor-widget-heading\" data-id=\"bd00acb\" data-element_type=\"widget\" data-e-type=\"widget\" data-widget_type=\"heading.default\">\n\t\t\t\t\t<span class=\"elementor-heading-title elementor-size-default\">LEGAL NOTICE<\/span>\t\t\t\t<\/div>\n\t\t\t\t<div class=\"elementor-element elementor-element-dcacd81 elementor-widget-divider--view-line elementor-widget elementor-widget-divider\" data-id=\"dcacd81\" data-element_type=\"widget\" data-e-type=\"widget\" data-widget_type=\"divider.default\">\n\t\t\t\t\t\t\t<div class=\"elementor-divider\">\n\t\t\t<span class=\"elementor-divider-separator\">\n\t\t\t\t\t\t<\/span>\n\t\t<\/div>\n\t\t\t\t\t\t<\/div>\n\t\t<div class=\"elementor-element elementor-element-287ed69 e-con-full e-flex e-con e-child\" data-id=\"287ed69\" data-element_type=\"container\" data-e-type=\"container\">\n\t\t\t\t<div class=\"elementor-element elementor-element-7cea009 elementor-widget elementor-widget-text-editor\" data-id=\"7cea009\" data-element_type=\"widget\" data-e-type=\"widget\" data-widget_type=\"text-editor.default\">\n\t\t\t\t\t\t\t\t\t<p><strong>Publisher<br \/><\/strong><br \/>Website publisher:<br \/><strong>Origine Ateliers<\/strong><br \/>16 Avenue Jaulerry, 64200 Biarritz<br \/>Phone : +33 05 59 52 02 27<br \/>N\u00b0 SIRET : 45238152800028<br \/>Publication directors: <strong>Ms St\u00e9phanie Porsain<\/strong> et <strong>Mr Florent Tremolosa<br \/><br \/><\/strong><\/p><p><strong>Website design and creation<br \/><\/strong><br \/>Website designed and created by:<br \/><strong>Wave of Sense \u2013 <a href=\"https:\/\/www.waveofsense.com\/\">www.waveofsense.com<\/a><br \/>Caroline ROMERO CORTELL<\/strong> - +33 07 69 85 54 54<br \/><br \/><\/p><p><strong>Website hosting<\/strong><br \/>company <strong>OVH<\/strong>, Roubaix<br \/><br \/><\/p><p><strong>Illustrations credits<\/strong><br \/><strong>Taki Bibelas \u2013 Origine Ateliers<br \/><br \/><\/strong><\/p><p><strong>Intellectual property<br \/><\/strong><br \/>This site is owned and operated by <strong>Origine Ateliers<\/strong>. No element of the site may be copied, reproduced, modified, republished, uploaded, distorted, transmitted, or distributed in any way, in whole or in part, without prior written permission, except for strict use by the press and in compliance with intellectual property rights.<\/p><p>Only private use for personal, non-commercial purposes on your personal computer is allowed. The following notice must appear on any authorized copy of the site: <strong>copyright Origine Ateliers<\/strong>Any authorized use must be without distortion or modification. <strong>Origine Ateliers reserves the right to pursue any infringement of its intellectual property rights.<\/strong><\/p><p><strong><br \/>Links to other sites<br \/><\/strong><br \/>Origine Ateliers is not responsible for any third-party site accessed via links on this website. We have no control over third-party content.<\/p><p>External sites may contain hyperlinks pointing to the Site. Such a link may not be installed without the prior and express consent of Origine Ateliers. In any case, Origine Ateliers is in no way responsible for the unavailability of such sites and does not review, control, approve, or take responsibility for the content, advertisements, products, or other elements available on or through these sites.<\/p><p>External websites may include hyperlinks to the Site. Such links cannot be added without the prior and explicit consent of Origine Ateliers. In any event, Origine Ateliers is not responsible for the availability of these sites and does not review, control, endorse, or accept liability for any content, advertisements, products, or other material available on or through them.<\/p><p><strong><br \/>Personal data and other information<br \/><\/strong><br \/>Origine Ateliers will not share your personal data with any third party that you provide via email. Your information will be used solely to respond to you as efficiently as possible.<\/p><p class=\"translation-block\">Under French law (Law No. 2004-801 of August 6, 2004, regarding the protection of personal data, amending Law No. 78-17 of January 6, 1978, \u201cInformatique et Libert\u00e9s\u201d), you have the right to access, correct, update, and delete your personal data. You can exercise these rights by contacting us through the website\u2019s contact form or by postal mail (see address below).<\/p><p><strong><br \/>Liability limitations<br \/><\/strong><br \/>Origine Ateliers makes every effort to ensure the accuracy and currency of the information on the Site and reserves the right to correct its content at any time without prior notice.<\/p><p>However, Origine Ateliers cannot guarantee that the information on the Site is accurate, complete, or up to date. As a result, Origine Ateliers accepts no liability for any errors, inaccuracies, or omissions, nor for any damage caused by a third party fraudulently altering the information or content provided.<\/p><p>All content on the Site, or on any other site, is provided \u201cas is\u201d without any warranty, whether express or implied.<\/p><p><strong><br \/>Website availability<br \/><\/strong><br \/>You acknowledge that:<\/p><ol><li><p>It is technically impossible to provide the Site free of any defects, and Origine Ateliers cannot guarantee this;<\/p><\/li><li><p>Defects may lead to the temporary unavailability of the Site;<\/p><\/li><li><p>The operation of the Site may be affected by events and\/or factors beyond the control of Origine Ateliers.<\/p><\/li><\/ol><p>Origine Ateliers and\/or its suppliers may, at any time, modify or temporarily or permanently suspend all or part of the Site to perform maintenance, improvements, or updates. Origine Ateliers is not responsible for any changes, interruptions, or suspensions of the Site.<\/p><p><strong><br \/>Jurisdiction<br \/><\/strong><br \/>The Site and its content are governed <strong>by French law,<\/strong>and any disputes arising from them will fall under the jurisdiction of French courts in France.<\/p>\t\t\t\t\t\t\t\t<\/div>\n\t\t\t\t<\/div>\n\t\t\t\t\t<\/div>\n\t\t\t\t<\/div>\n\t\t\t\t<\/div>\n\t\t\t\t<\/div>","protected":false},"excerpt":{"rendered":"<p>MENTIONS L\u00c9GALES EDITEUREditeur du site :Origine Ateliers16 Avenue Jaulerry, 64200 BiarritzT\u00e9l\u00e9phone : 05 59 52 02 27N\u00b0 SIRET : 45238152800028Directeurs de la publication : Mme Stephanie PORSAIN et M. Florent TREMOLOSA CONCEPTION ET R\u00c9ALISATIONSite web con\u00e7u et r\u00e9alis\u00e9 par :Wave of Sense \u2013 www.waveofsense.comCaroline ROMERO CORTELL &#8211; 07 69 85 54 54 H\u00c9BERGEMENT DU SITESoci\u00e9t\u00e9 [&hellip;]<\/p>\n","protected":false},"author":6,"featured_media":0,"parent":0,"menu_order":0,"comment_status":"closed","ping_status":"closed","template":"","meta":{"footnotes":""},"class_list":["post-1206","page","type-page","status-publish","hentry"],"yoast_head":"<!-- This site is optimized with the Yoast SEO plugin v27.3 - https:\/\/yoast.com\/product\/yoast-seo-wordpress\/ -->\n<title>Mentions l\u00e9gales - GabLine Biarritz<\/title>\n<meta name=\"robots\" content=\"index, follow, max-snippet:-1, max-image-preview:large, max-video-preview:-1\" \/>\n<link rel=\"canonical\" href=\"https:\/\/gabline.fr\/en\/mentions-legales\/\" \/>\n<meta property=\"og:locale\" content=\"en_GB\" \/>\n<meta property=\"og:type\" content=\"article\" \/>\n<meta property=\"og:title\" content=\"Mentions l\u00e9gales - GabLine Biarritz\" \/>\n<meta property=\"og:description\" content=\"MENTIONS L\u00c9GALES EDITEUREditeur du site :Origine Ateliers16 Avenue Jaulerry, 64200 BiarritzT\u00e9l\u00e9phone : 05 59 52 02 27N\u00b0 SIRET : 45238152800028Directeurs de la publication : Mme Stephanie PORSAIN et M. Florent TREMOLOSA CONCEPTION ET R\u00c9ALISATIONSite web con\u00e7u et r\u00e9alis\u00e9 par :Wave of Sense \u2013 www.waveofsense.comCaroline ROMERO CORTELL &#8211; 07 69 85 54 54 H\u00c9BERGEMENT DU SITESoci\u00e9t\u00e9 [&hellip;]\" \/>\n<meta property=\"og:url\" content=\"https:\/\/gabline.fr\/en\/mentions-legales\/\" \/>\n<meta property=\"og:site_name\" content=\"GabLine Biarritz\" \/>\n<meta property=\"article:modified_time\" content=\"2025-10-20T12:04:57+00:00\" \/>\n<meta name=\"twitter:card\" content=\"summary_large_image\" \/>\n<meta name=\"twitter:label1\" content=\"Estimated reading time\" \/>\n\t<meta name=\"twitter:data1\" content=\"4 minutes\" \/>\n<script type=\"application\/ld+json\" class=\"yoast-schema-graph\">{\"@context\":\"https:\\\/\\\/schema.org\",\"@graph\":[{\"@type\":\"WebPage\",\"@id\":\"https:\\\/\\\/gabline.fr\\\/mentions-legales\\\/\",\"url\":\"https:\\\/\\\/gabline.fr\\\/mentions-legales\\\/\",\"name\":\"Mentions l\u00e9gales - GabLine Biarritz\",\"isPartOf\":{\"@id\":\"https:\\\/\\\/gabline.fr\\\/#website\"},\"datePublished\":\"2023-07-04T08:54:56+00:00\",\"dateModified\":\"2025-10-20T12:04:57+00:00\",\"breadcrumb\":{\"@id\":\"https:\\\/\\\/gabline.fr\\\/mentions-legales\\\/#breadcrumb\"},\"inLanguage\":\"en-GB\",\"potentialAction\":[{\"@type\":\"ReadAction\",\"target\":[\"https:\\\/\\\/gabline.fr\\\/mentions-legales\\\/\"]}]},{\"@type\":\"BreadcrumbList\",\"@id\":\"https:\\\/\\\/gabline.fr\\\/mentions-legales\\\/#breadcrumb\",\"itemListElement\":[{\"@type\":\"ListItem\",\"position\":1,\"name\":\"Accueil\",\"item\":\"https:\\\/\\\/gabline.fr\\\/\"},{\"@type\":\"ListItem\",\"position\":2,\"name\":\"Mentions l\u00e9gales\"}]},{\"@type\":\"WebSite\",\"@id\":\"https:\\\/\\\/gabline.fr\\\/#website\",\"url\":\"https:\\\/\\\/gabline.fr\\\/\",\"name\":\"GabLine Biarritz\",\"description\":\"Un concept incomparable, pour une montre d\u2019exception.\",\"publisher\":{\"@id\":\"https:\\\/\\\/gabline.fr\\\/#organization\"},\"potentialAction\":[{\"@type\":\"SearchAction\",\"target\":{\"@type\":\"EntryPoint\",\"urlTemplate\":\"https:\\\/\\\/gabline.fr\\\/?s={search_term_string}\"},\"query-input\":{\"@type\":\"PropertyValueSpecification\",\"valueRequired\":true,\"valueName\":\"search_term_string\"}}],\"inLanguage\":\"en-GB\"},{\"@type\":\"Organization\",\"@id\":\"https:\\\/\\\/gabline.fr\\\/#organization\",\"name\":\"GabLine Biarritz\",\"url\":\"https:\\\/\\\/gabline.fr\\\/\",\"logo\":{\"@type\":\"ImageObject\",\"inLanguage\":\"en-GB\",\"@id\":\"https:\\\/\\\/gabline.fr\\\/#\\\/schema\\\/logo\\\/image\\\/\",\"url\":\"https:\\\/\\\/gabline.fr\\\/wp-content\\\/uploads\\\/2025\\\/10\\\/Logo-GabLine-min.png\",\"contentUrl\":\"https:\\\/\\\/gabline.fr\\\/wp-content\\\/uploads\\\/2025\\\/10\\\/Logo-GabLine-min.png\",\"width\":1362,\"height\":1362,\"caption\":\"GabLine Biarritz\"},\"image\":{\"@id\":\"https:\\\/\\\/gabline.fr\\\/#\\\/schema\\\/logo\\\/image\\\/\"},\"sameAs\":[\"https:\\\/\\\/www.instagram.com\\\/gablinebiarritz\\\/\",\"https:\\\/\\\/www.linkedin.com\\\/company\\\/gabline-biarritz\\\/?originalSubdomain=fr\"]}]}<\/script>\n<!-- \/ Yoast SEO plugin. -->","yoast_head_json":{"title":"Mentions l\u00e9gales - GabLine Biarritz","robots":{"index":"index","follow":"follow","max-snippet":"max-snippet:-1","max-image-preview":"max-image-preview:large","max-video-preview":"max-video-preview:-1"},"canonical":"https:\/\/gabline.fr\/en\/mentions-legales\/","og_locale":"en_GB","og_type":"article","og_title":"Mentions l\u00e9gales - GabLine Biarritz","og_description":"MENTIONS L\u00c9GALES EDITEUREditeur du site :Origine Ateliers16 Avenue Jaulerry, 64200 BiarritzT\u00e9l\u00e9phone : 05 59 52 02 27N\u00b0 SIRET : 45238152800028Directeurs de la publication : Mme Stephanie PORSAIN et M. Florent TREMOLOSA CONCEPTION ET R\u00c9ALISATIONSite web con\u00e7u et r\u00e9alis\u00e9 par :Wave of Sense \u2013 www.waveofsense.comCaroline ROMERO CORTELL &#8211; 07 69 85 54 54 H\u00c9BERGEMENT DU SITESoci\u00e9t\u00e9 [&hellip;]","og_url":"https:\/\/gabline.fr\/en\/mentions-legales\/","og_site_name":"GabLine Biarritz","article_modified_time":"2025-10-20T12:04:57+00:00","twitter_card":"summary_large_image","twitter_misc":{"Estimated reading time":"4 minutes"},"schema":{"@context":"https:\/\/schema.org","@graph":[{"@type":"WebPage","@id":"https:\/\/gabline.fr\/mentions-legales\/","url":"https:\/\/gabline.fr\/mentions-legales\/","name":"Mentions l\u00e9gales - GabLine Biarritz","isPartOf":{"@id":"https:\/\/gabline.fr\/#website"},"datePublished":"2023-07-04T08:54:56+00:00","dateModified":"2025-10-20T12:04:57+00:00","breadcrumb":{"@id":"https:\/\/gabline.fr\/mentions-legales\/#breadcrumb"},"inLanguage":"en-GB","potentialAction":[{"@type":"ReadAction","target":["https:\/\/gabline.fr\/mentions-legales\/"]}]},{"@type":"BreadcrumbList","@id":"https:\/\/gabline.fr\/mentions-legales\/#breadcrumb","itemListElement":[{"@type":"ListItem","position":1,"name":"Accueil","item":"https:\/\/gabline.fr\/"},{"@type":"ListItem","position":2,"name":"Mentions l\u00e9gales"}]},{"@type":"WebSite","@id":"https:\/\/gabline.fr\/#website","url":"https:\/\/gabline.fr\/","name":"GabLine Biarritz","description":"Un concept incomparable, pour une montre d\u2019exception.","publisher":{"@id":"https:\/\/gabline.fr\/#organization"},"potentialAction":[{"@type":"SearchAction","target":{"@type":"EntryPoint","urlTemplate":"https:\/\/gabline.fr\/?s={search_term_string}"},"query-input":{"@type":"PropertyValueSpecification","valueRequired":true,"valueName":"search_term_string"}}],"inLanguage":"en-GB"},{"@type":"Organization","@id":"https:\/\/gabline.fr\/#organization","name":"GabLine Biarritz","url":"https:\/\/gabline.fr\/","logo":{"@type":"ImageObject","inLanguage":"en-GB","@id":"https:\/\/gabline.fr\/#\/schema\/logo\/image\/","url":"https:\/\/gabline.fr\/wp-content\/uploads\/2025\/10\/Logo-GabLine-min.png","contentUrl":"https:\/\/gabline.fr\/wp-content\/uploads\/2025\/10\/Logo-GabLine-min.png","width":1362,"height":1362,"caption":"GabLine Biarritz"},"image":{"@id":"https:\/\/gabline.fr\/#\/schema\/logo\/image\/"},"sameAs":["https:\/\/www.instagram.com\/gablinebiarritz\/","https:\/\/www.linkedin.com\/company\/gabline-biarritz\/?originalSubdomain=fr"]}]}},"_links":{"self":[{"href":"https:\/\/gabline.fr\/en\/wp-json\/wp\/v2\/pages\/1206","targetHints":{"allow":["GET"]}}],"collection":[{"href":"https:\/\/gabline.fr\/en\/wp-json\/wp\/v2\/pages"}],"about":[{"href":"https:\/\/gabline.fr\/en\/wp-json\/wp\/v2\/types\/page"}],"author":[{"embeddable":true,"href":"https:\/\/gabline.fr\/en\/wp-json\/wp\/v2\/users\/6"}],"replies":[{"embeddable":true,"href":"https:\/\/gabline.fr\/en\/wp-json\/wp\/v2\/comments?post=1206"}],"version-history":[{"count":34,"href":"https:\/\/gabline.fr\/en\/wp-json\/wp\/v2\/pages\/1206\/revisions"}],"predecessor-version":[{"id":5686,"href":"https:\/\/gabline.fr\/en\/wp-json\/wp\/v2\/pages\/1206\/revisions\/5686"}],"wp:attachment":[{"href":"https:\/\/gabline.fr\/en\/wp-json\/wp\/v2\/media?parent=1206"}],"curies":[{"name":"wp","href":"https:\/\/api.w.org\/{rel}","templated":true}]}}